{"id":981,"date":"2021-04-07T17:55:39","date_gmt":"2021-04-07T15:55:39","guid":{"rendered":"https:\/\/motosreggi.com\/producto\/pack-pequeno"},"modified":"2021-06-04T15:26:26","modified_gmt":"2021-06-04T13:26:26","slug":"petit-paquet","status":"publish","type":"product","link":"https:\/\/motosreggi.com\/fr\/producto\/petit-paquet","title":{"rendered":"Petit paquet"},"content":{"rendered":"","protected":false},"excerpt":{"rendered":"<p><strong>Le paquet comprend :<\/strong><\/p>\n<p>Sobrasada Ca'n Lao (Mercadal)<br \/>\nFromage Semi Son Vives (Ferreries)<br \/>\nCarquinyols - Cas Sucrer (Mercadal)<br \/>\nCr\u00e8me br\u00fbl\u00e9e Ensaimada<\/p>\n","protected":false},"featured_media":1424,"template":"","meta":[],"product_brand":[],"product_cat":[115],"product_tag":[],"class_list":{"0":"post-981","1":"product","2":"type-product","3":"status-publish","4":"has-post-thumbnail","6":"product_cat-reggi-club-fr","8":"first","9":"instock","10":"taxable","11":"shipping-taxable","12":"purchasable","13":"product-type-simple","14":"prodpage-style3"},"_links":{"self":[{"href":"https:\/\/motosreggi.com\/fr\/wp-json\/wp\/v2\/product\/981","targetHints":{"allow":["GET"]}}],"collection":[{"href":"https:\/\/motosreggi.com\/fr\/wp-json\/wp\/v2\/product"}],"about":[{"href":"https:\/\/motosreggi.com\/fr\/wp-json\/wp\/v2\/types\/product"}],"wp:featuredmedia":[{"embeddable":true,"href":"https:\/\/motosreggi.com\/fr\/wp-json\/wp\/v2\/media\/1424"}],"wp:attachment":[{"href":"https:\/\/motosreggi.com\/fr\/wp-json\/wp\/v2\/media?parent=981"}],"wp:term":[{"taxonomy":"product_brand","embeddable":true,"href":"https:\/\/motosreggi.com\/fr\/wp-json\/wp\/v2\/product_brand?post=981"},{"taxonomy":"product_cat","embeddable":true,"href":"https:\/\/motosreggi.com\/fr\/wp-json\/wp\/v2\/product_cat?post=981"},{"taxonomy":"product_tag","embeddable":true,"href":"https:\/\/motosreggi.com\/fr\/wp-json\/wp\/v2\/product_tag?post=981"}],"curies":[{"name":"wp","href":"https:\/\/api.w.org\/{rel}","templated":true}]}}