{"id":979,"date":"2021-04-07T17:55:20","date_gmt":"2021-04-07T15:55:20","guid":{"rendered":"https:\/\/motosreggi.com\/producto\/pack-2-ensaimadas"},"modified":"2021-06-04T15:25:47","modified_gmt":"2021-06-04T13:25:47","slug":"pack-2-ensaimadasfr","status":"publish","type":"product","link":"https:\/\/motosreggi.com\/fr\/producto\/pack-2-ensaimadasfr","title":{"rendered":"Paquet 2 Ensaimadas"},"content":{"rendered":"","protected":false},"excerpt":{"rendered":"<p>Paquet de 2 ensaimadas<\/p>\n<p><strong>Saveurs au choix :<\/strong><\/p>\n<p>Cheveux d'ange<br \/>\nChocolat<br \/>\nCr\u00e8me br\u00fbl\u00e9e<br \/>\nSobrasada<br \/>\nVide sans rien<\/p>\n","protected":false},"featured_media":1418,"template":"","meta":[],"product_brand":[],"product_cat":[115],"product_tag":[],"class_list":{"0":"post-979","1":"product","2":"type-product","3":"status-publish","4":"has-post-thumbnail","6":"product_cat-reggi-club-fr","8":"first","9":"outofstock","10":"taxable","11":"shipping-taxable","12":"purchasable","13":"product-type-simple","14":"prodpage-style3"},"_links":{"self":[{"href":"https:\/\/motosreggi.com\/fr\/wp-json\/wp\/v2\/product\/979","targetHints":{"allow":["GET"]}}],"collection":[{"href":"https:\/\/motosreggi.com\/fr\/wp-json\/wp\/v2\/product"}],"about":[{"href":"https:\/\/motosreggi.com\/fr\/wp-json\/wp\/v2\/types\/product"}],"wp:featuredmedia":[{"embeddable":true,"href":"https:\/\/motosreggi.com\/fr\/wp-json\/wp\/v2\/media\/1418"}],"wp:attachment":[{"href":"https:\/\/motosreggi.com\/fr\/wp-json\/wp\/v2\/media?parent=979"}],"wp:term":[{"taxonomy":"product_brand","embeddable":true,"href":"https:\/\/motosreggi.com\/fr\/wp-json\/wp\/v2\/product_brand?post=979"},{"taxonomy":"product_cat","embeddable":true,"href":"https:\/\/motosreggi.com\/fr\/wp-json\/wp\/v2\/product_cat?post=979"},{"taxonomy":"product_tag","embeddable":true,"href":"https:\/\/motosreggi.com\/fr\/wp-json\/wp\/v2\/product_tag?post=979"}],"curies":[{"name":"wp","href":"https:\/\/api.w.org\/{rel}","templated":true}]}}