{"id":1016,"date":"2021-06-04T16:30:56","date_gmt":"2021-06-04T14:30:56","guid":{"rendered":"https:\/\/motosreggi.com\/mes-reservations"},"modified":"2021-06-04T16:34:58","modified_gmt":"2021-06-04T14:34:58","slug":"mes-reservations","status":"publish","type":"page","link":"https:\/\/motosreggi.com\/fr\/mes-reservations","title":{"rendered":"Mes r\u00e9servations"},"content":{"rendered":"\n<div class=\"wrap plugin-container\">\n\n\t\n\t\n\t\t<div class=\"vrcsearchconfnumb\">\r\n\t\t<form action=\"https:\/\/motosreggi.com\/fr\/mes-reservations\" method=\"post\">\r\n\t\t\t<input type=\"hidden\" name=\"option\" value=\"com_vikrentcar\"\/>\r\n\t\t\t<input type=\"hidden\" name=\"view\" value=\"userorders\"\/>\r\n\t\t\t<input type=\"hidden\" name=\"searchorder\" value=\"1\"\/>\r\n\t\t\t<div class=\"vrcconfnumbinp\">\r\n\t\t\t\t<label for=\"vrcconfnum\">Confirmez votre num\u00e9ro de r\u00e9servation ou code PIN<\/label>\r\n\t\t\t\t<input type=\"text\" name=\"confirmnum\" value=\"\" size=\"25\" id=\"vrcconfnum\"\/>\r\n\t\t\t<\/div>\r\n\t\t\t<div class=\"vrcconfnumbsubm\">\r\n\t\t\t\t<input type=\"submit\" name=\"searchconfnum\" class=\"btn vrc-pref-color-btn\" value=\"Rechercher de Commande\"\/>\r\n\t\t\t<\/div>\r\n\t\t<\/form>\r\n\t<\/div>\r\n\t\t<p class=\"vrcuserordersparag\">Aucune r\u00e9servation n'a \u00e9t\u00e9 trouv\u00e9e pour ce compte<\/p>\r\n\t<div class=\"vrc-pagination-footer\"><\/div>\r\n\n<\/div>\n\n","protected":false},"excerpt":{"rendered":"","protected":false},"author":1,"featured_media":0,"parent":0,"menu_order":0,"comment_status":"closed","ping_status":"closed","template":"","meta":{"footnotes":""},"class_list":["post-1016","page","type-page","status-publish","hentry","prodpage-style3"],"_links":{"self":[{"href":"https:\/\/motosreggi.com\/fr\/wp-json\/wp\/v2\/pages\/1016","targetHints":{"allow":["GET"]}}],"collection":[{"href":"https:\/\/motosreggi.com\/fr\/wp-json\/wp\/v2\/pages"}],"about":[{"href":"https:\/\/motosreggi.com\/fr\/wp-json\/wp\/v2\/types\/page"}],"author":[{"embeddable":true,"href":"https:\/\/motosreggi.com\/fr\/wp-json\/wp\/v2\/users\/1"}],"replies":[{"embeddable":true,"href":"https:\/\/motosreggi.com\/fr\/wp-json\/wp\/v2\/comments?post=1016"}],"version-history":[{"count":1,"href":"https:\/\/motosreggi.com\/fr\/wp-json\/wp\/v2\/pages\/1016\/revisions"}],"predecessor-version":[{"id":1027,"href":"https:\/\/motosreggi.com\/fr\/wp-json\/wp\/v2\/pages\/1016\/revisions\/1027"}],"wp:attachment":[{"href":"https:\/\/motosreggi.com\/fr\/wp-json\/wp\/v2\/media?parent=1016"}],"curies":[{"name":"wp","href":"https:\/\/api.w.org\/{rel}","templated":true}]}}